{"id":257,"date":"2021-07-22T18:22:25","date_gmt":"2021-07-22T18:22:25","guid":{"rendered":"https:\/\/demo.athemes.com\/botiga\/?page_id=257"},"modified":"2021-07-22T18:22:25","modified_gmt":"2021-07-22T18:22:25","slug":"contact-us","status":"publish","type":"page","link":"https:\/\/thecandlelab.vn\/?page_id=257","title":{"rendered":"Contact Us"},"content":{"rendered":"\n<div style=\"height:20px\" aria-hidden=\"true\" class=\"wp-block-spacer\"><\/div>\n\n\n\n<figure class=\"wp-block-image size-full is-resized\"><img fetchpriority=\"high\" decoding=\"async\" src=\"https:\/\/thecandlelab.vn\/wp-content\/uploads\/2021\/07\/Rectangle-2.jpg\" alt=\"\" class=\"wp-image-305\" width=\"1110\" height=\"480\" srcset=\"https:\/\/thecandlelab.vn\/wp-content\/uploads\/2021\/07\/Rectangle-2.jpg 1110w, https:\/\/thecandlelab.vn\/wp-content\/uploads\/2021\/07\/Rectangle-2-800x346.jpg 800w, https:\/\/thecandlelab.vn\/wp-content\/uploads\/2021\/07\/Rectangle-2-300x130.jpg 300w, https:\/\/thecandlelab.vn\/wp-content\/uploads\/2021\/07\/Rectangle-2-1024x443.jpg 1024w, https:\/\/thecandlelab.vn\/wp-content\/uploads\/2021\/07\/Rectangle-2-768x332.jpg 768w, https:\/\/thecandlelab.vn\/wp-content\/uploads\/2021\/07\/Rectangle-2-920x398.jpg 920w, https:\/\/thecandlelab.vn\/wp-content\/uploads\/2021\/07\/Rectangle-2-575x249.jpg 575w, https:\/\/thecandlelab.vn\/wp-content\/uploads\/2021\/07\/Rectangle-2-380x164.jpg 380w\" sizes=\"(max-width: 1110px) 100vw, 1110px\" \/><\/figure>\n\n\n\n<div style=\"height:30px\" aria-hidden=\"true\" class=\"wp-block-spacer\"><\/div>\n\n\n\n<div class=\"wp-block-columns is-layout-flex wp-container-core-columns-is-layout-28f84493 wp-block-columns-is-layout-flex\">\n<div class=\"wp-block-column is-layout-flow wp-block-column-is-layout-flow\" style=\"flex-basis:60%\">\n<h3 class=\"wp-block-heading\">Leave Us a Message<\/h3>\n\n\n\n<div style=\"height:15px\" aria-hidden=\"true\" class=\"wp-block-spacer\"><\/div>\n\n\n<div class=\"wpforms-container wpforms-container-full wpforms-block\" id=\"wpforms-388\"><form id=\"wpforms-form-388\" class=\"wpforms-validate wpforms-form wpforms-ajax-form\" data-formid=\"388\" method=\"post\" enctype=\"multipart\/form-data\" action=\"\/index.php?rest_route=%2Fwp%2Fv2%2Fpages%2F257\" data-token=\"672ad73ace74484bab6c663b91f6dbaa\" data-token-time=\"1777117131\"><noscript class=\"wpforms-error-noscript\">Vui l\u00f2ng b\u1eadt JavaScript trong tr\u00ecnh duy\u1ec7t c\u1ee7a b\u1ea1n \u0111\u1ec3 ho\u00e0n th\u00e0nh Form n\u00e0y.<\/noscript><div class=\"wpforms-field-container\"><div id=\"wpforms-388-field_0-container\" class=\"wpforms-field wpforms-field-name wpforms-one-half wpforms-first\" data-field-id=\"0\"><label class=\"wpforms-field-label\" for=\"wpforms-388-field_0\">Name <span class=\"wpforms-required-label\">*<\/span><\/label><input type=\"text\" id=\"wpforms-388-field_0\" class=\"wpforms-field-large wpforms-field-required\" name=\"wpforms[fields][0]\" required><\/div><div id=\"wpforms-388-field_1-container\" class=\"wpforms-field wpforms-field-email wpforms-one-half\" data-field-id=\"1\"><label class=\"wpforms-field-label\" for=\"wpforms-388-field_1\">Email <span class=\"wpforms-required-label\">*<\/span><\/label><input type=\"email\" id=\"wpforms-388-field_1\" class=\"wpforms-field-large wpforms-field-required\" name=\"wpforms[fields][1]\" spellcheck=\"false\" required><\/div><div id=\"wpforms-388-field_2-container\" class=\"wpforms-field wpforms-field-textarea\" data-field-id=\"2\"><label class=\"wpforms-field-label\" for=\"wpforms-388-field_2\">Comment or Message <span class=\"wpforms-required-label\">*<\/span><\/label><textarea id=\"wpforms-388-field_2\" class=\"wpforms-field-large wpforms-field-required\" name=\"wpforms[fields][2]\" required><\/textarea><\/div><\/div><!-- .wpforms-field-container --><div class=\"wpforms-submit-container\" ><input type=\"hidden\" name=\"wpforms[id]\" value=\"388\"><input type=\"hidden\" name=\"page_title\" value=\"\"><input type=\"hidden\" name=\"page_url\" value=\"https:\/\/thecandlelab.vn\/index.php?rest_route=\/wp\/v2\/pages\/257\"><input type=\"hidden\" name=\"url_referer\" value=\"\"><button type=\"submit\" name=\"wpforms[submit]\" id=\"wpforms-submit-388\" class=\"wpforms-submit\" data-alt-text=\"Sending...\" data-submit-text=\"Send message\" aria-live=\"assertive\" value=\"wpforms-submit\">Send message<\/button><img decoding=\"async\" src=\"https:\/\/thecandlelab.vn\/wp-content\/plugins\/wpforms-lite\/assets\/images\/submit-spin.svg\" class=\"wpforms-submit-spinner\" style=\"display: none;\" width=\"26\" height=\"26\" alt=\"\u0110ang t\u1ea3i\"><\/div><\/form><\/div>  <!-- .wpforms-container --><\/div>\n\n\n\n<div class=\"wp-block-column is-layout-flow wp-block-column-is-layout-flow\" style=\"flex-basis:5%\"><\/div>\n\n\n\n<div class=\"wp-block-column is-layout-flow wp-block-column-is-layout-flow\" style=\"flex-basis:35%\">\n<h3 class=\"wp-block-heading\">Our Store<\/h3>\n\n\n\n<div style=\"height:15px\" aria-hidden=\"true\" class=\"wp-block-spacer\"><\/div>\n\n\n\n<p>501-521 Fashion Ave, New York, NY 10018, USA<\/p>\n\n\n\n<p class=\"smallmargin has-small-font-size\">PHONE:<\/p>\n\n\n\n<p>+1 212 244 2681<\/p>\n\n\n\n<p class=\"smallmargin has-small-font-size\">E-MAIL:<\/p>\n\n\n\n<p>office@example.org<\/p>\n\n\n\n<div style=\"height:1px\" aria-hidden=\"true\" class=\"wp-block-spacer\"><\/div>\n\n\n\n<h3 class=\"wp-block-heading\">Store Hours<\/h3>\n\n\n\n<div style=\"height:15px\" aria-hidden=\"true\" class=\"wp-block-spacer\"><\/div>\n\n\n\n<p>Sun: Closed<\/p>\n\n\n\n<p>Mon to Sat: 10 AM &#8211; 5:30 PM<\/p>\n<\/div>\n<\/div>\n","protected":false},"excerpt":{"rendered":"<p>Leave Us a Message Our Store 501-521 Fashion Ave, New York, NY 10018, USA PHONE: +1 212 244 2681 E-MAIL: office@example.org Store Hours Sun: Closed Mon to Sat: 10 AM [&hellip;]<\/p>\n","protected":false},"author":1,"featured_media":0,"parent":0,"menu_order":0,"comment_status":"closed","ping_status":"closed","template":"","meta":{"footnotes":""},"class_list":["post-257","page","type-page","status-publish","hentry"],"yoast_head":"<!-- This site is optimized with the Yoast SEO plugin v27.4 - https:\/\/yoast.com\/product\/yoast-seo-wordpress\/ -->\n<title>Contact Us - thecandlelab<\/title>\n<meta name=\"robots\" content=\"index, follow, max-snippet:-1, max-image-preview:large, max-video-preview:-1\" \/>\n<link rel=\"canonical\" href=\"https:\/\/thecandlelab.vn\/?page_id=257\" \/>\n<meta property=\"og:locale\" content=\"vi_VN\" \/>\n<meta property=\"og:type\" content=\"article\" \/>\n<meta property=\"og:title\" content=\"Contact Us - thecandlelab\" \/>\n<meta property=\"og:description\" content=\"Leave Us a Message Our Store 501-521 Fashion Ave, New York, NY 10018, USA PHONE: +1 212 244 2681 E-MAIL: office@example.org Store Hours Sun: Closed Mon to Sat: 10 AM [&hellip;]\" \/>\n<meta property=\"og:url\" content=\"https:\/\/thecandlelab.vn\/?page_id=257\" \/>\n<meta property=\"og:site_name\" content=\"thecandlelab\" \/>\n<meta property=\"og:image\" content=\"https:\/\/thecandlelab.vn\/wp-content\/uploads\/2021\/07\/Rectangle-2.jpg\" \/>\n\t<meta property=\"og:image:width\" content=\"1110\" \/>\n\t<meta property=\"og:image:height\" content=\"480\" \/>\n\t<meta property=\"og:image:type\" content=\"image\/jpeg\" \/>\n<meta name=\"twitter:card\" content=\"summary_large_image\" \/>\n<script type=\"application\/ld+json\" class=\"yoast-schema-graph\">{\"@context\":\"https:\\\/\\\/schema.org\",\"@graph\":[{\"@type\":\"WebPage\",\"@id\":\"https:\\\/\\\/thecandlelab.vn\\\/?page_id=257\",\"url\":\"https:\\\/\\\/thecandlelab.vn\\\/?page_id=257\",\"name\":\"Contact Us - thecandlelab\",\"isPartOf\":{\"@id\":\"https:\\\/\\\/thecandlelab.vn\\\/#website\"},\"primaryImageOfPage\":{\"@id\":\"https:\\\/\\\/thecandlelab.vn\\\/?page_id=257#primaryimage\"},\"image\":{\"@id\":\"https:\\\/\\\/thecandlelab.vn\\\/?page_id=257#primaryimage\"},\"thumbnailUrl\":\"https:\\\/\\\/thecandlelab.vn\\\/wp-content\\\/uploads\\\/2021\\\/07\\\/Rectangle-2.jpg\",\"datePublished\":\"2021-07-22T18:22:25+00:00\",\"breadcrumb\":{\"@id\":\"https:\\\/\\\/thecandlelab.vn\\\/?page_id=257#breadcrumb\"},\"inLanguage\":\"vi\",\"potentialAction\":[{\"@type\":\"ReadAction\",\"target\":[\"https:\\\/\\\/thecandlelab.vn\\\/?page_id=257\"]}]},{\"@type\":\"ImageObject\",\"inLanguage\":\"vi\",\"@id\":\"https:\\\/\\\/thecandlelab.vn\\\/?page_id=257#primaryimage\",\"url\":\"https:\\\/\\\/thecandlelab.vn\\\/wp-content\\\/uploads\\\/2021\\\/07\\\/Rectangle-2.jpg\",\"contentUrl\":\"https:\\\/\\\/thecandlelab.vn\\\/wp-content\\\/uploads\\\/2021\\\/07\\\/Rectangle-2.jpg\",\"width\":1110,\"height\":480},{\"@type\":\"BreadcrumbList\",\"@id\":\"https:\\\/\\\/thecandlelab.vn\\\/?page_id=257#breadcrumb\",\"itemListElement\":[{\"@type\":\"ListItem\",\"position\":1,\"name\":\"Trang ch\u1ee7\",\"item\":\"https:\\\/\\\/thecandlelab.vn\\\/\"},{\"@type\":\"ListItem\",\"position\":2,\"name\":\"Contact Us\"}]},{\"@type\":\"WebSite\",\"@id\":\"https:\\\/\\\/thecandlelab.vn\\\/#website\",\"url\":\"https:\\\/\\\/thecandlelab.vn\\\/\",\"name\":\"thecandlelab\",\"description\":\"\",\"potentialAction\":[{\"@type\":\"SearchAction\",\"target\":{\"@type\":\"EntryPoint\",\"urlTemplate\":\"https:\\\/\\\/thecandlelab.vn\\\/?s={search_term_string}\"},\"query-input\":{\"@type\":\"PropertyValueSpecification\",\"valueRequired\":true,\"valueName\":\"search_term_string\"}}],\"inLanguage\":\"vi\"}]}<\/script>\n<!-- \/ Yoast SEO plugin. -->","yoast_head_json":{"title":"Contact Us - thecandlelab","robots":{"index":"index","follow":"follow","max-snippet":"max-snippet:-1","max-image-preview":"max-image-preview:large","max-video-preview":"max-video-preview:-1"},"canonical":"https:\/\/thecandlelab.vn\/?page_id=257","og_locale":"vi_VN","og_type":"article","og_title":"Contact Us - thecandlelab","og_description":"Leave Us a Message Our Store 501-521 Fashion Ave, New York, NY 10018, USA PHONE: +1 212 244 2681 E-MAIL: office@example.org Store Hours Sun: Closed Mon to Sat: 10 AM [&hellip;]","og_url":"https:\/\/thecandlelab.vn\/?page_id=257","og_site_name":"thecandlelab","og_image":[{"width":1110,"height":480,"url":"https:\/\/thecandlelab.vn\/wp-content\/uploads\/2021\/07\/Rectangle-2.jpg","type":"image\/jpeg"}],"twitter_card":"summary_large_image","schema":{"@context":"https:\/\/schema.org","@graph":[{"@type":"WebPage","@id":"https:\/\/thecandlelab.vn\/?page_id=257","url":"https:\/\/thecandlelab.vn\/?page_id=257","name":"Contact Us - thecandlelab","isPartOf":{"@id":"https:\/\/thecandlelab.vn\/#website"},"primaryImageOfPage":{"@id":"https:\/\/thecandlelab.vn\/?page_id=257#primaryimage"},"image":{"@id":"https:\/\/thecandlelab.vn\/?page_id=257#primaryimage"},"thumbnailUrl":"https:\/\/thecandlelab.vn\/wp-content\/uploads\/2021\/07\/Rectangle-2.jpg","datePublished":"2021-07-22T18:22:25+00:00","breadcrumb":{"@id":"https:\/\/thecandlelab.vn\/?page_id=257#breadcrumb"},"inLanguage":"vi","potentialAction":[{"@type":"ReadAction","target":["https:\/\/thecandlelab.vn\/?page_id=257"]}]},{"@type":"ImageObject","inLanguage":"vi","@id":"https:\/\/thecandlelab.vn\/?page_id=257#primaryimage","url":"https:\/\/thecandlelab.vn\/wp-content\/uploads\/2021\/07\/Rectangle-2.jpg","contentUrl":"https:\/\/thecandlelab.vn\/wp-content\/uploads\/2021\/07\/Rectangle-2.jpg","width":1110,"height":480},{"@type":"BreadcrumbList","@id":"https:\/\/thecandlelab.vn\/?page_id=257#breadcrumb","itemListElement":[{"@type":"ListItem","position":1,"name":"Trang ch\u1ee7","item":"https:\/\/thecandlelab.vn\/"},{"@type":"ListItem","position":2,"name":"Contact Us"}]},{"@type":"WebSite","@id":"https:\/\/thecandlelab.vn\/#website","url":"https:\/\/thecandlelab.vn\/","name":"thecandlelab","description":"","potentialAction":[{"@type":"SearchAction","target":{"@type":"EntryPoint","urlTemplate":"https:\/\/thecandlelab.vn\/?s={search_term_string}"},"query-input":{"@type":"PropertyValueSpecification","valueRequired":true,"valueName":"search_term_string"}}],"inLanguage":"vi"}]}},"_links":{"self":[{"href":"https:\/\/thecandlelab.vn\/index.php?rest_route=\/wp\/v2\/pages\/257","targetHints":{"allow":["GET"]}}],"collection":[{"href":"https:\/\/thecandlelab.vn\/index.php?rest_route=\/wp\/v2\/pages"}],"about":[{"href":"https:\/\/thecandlelab.vn\/index.php?rest_route=\/wp\/v2\/types\/page"}],"author":[{"embeddable":true,"href":"https:\/\/thecandlelab.vn\/index.php?rest_route=\/wp\/v2\/users\/1"}],"replies":[{"embeddable":true,"href":"https:\/\/thecandlelab.vn\/index.php?rest_route=%2Fwp%2Fv2%2Fcomments&post=257"}],"version-history":[{"count":0,"href":"https:\/\/thecandlelab.vn\/index.php?rest_route=\/wp\/v2\/pages\/257\/revisions"}],"wp:attachment":[{"href":"https:\/\/thecandlelab.vn\/index.php?rest_route=%2Fwp%2Fv2%2Fmedia&parent=257"}],"curies":[{"name":"wp","href":"https:\/\/api.w.org\/{rel}","templated":true}]}}